{"id":96,"date":"2019-06-24T15:19:58","date_gmt":"2019-06-24T15:19:58","guid":{"rendered":"https:\/\/perfectwatch.no\/?page_id=96"},"modified":"2026-01-27T07:11:31","modified_gmt":"2026-01-27T07:11:31","slug":"about","status":"publish","type":"page","link":"https:\/\/perfectwatch.no\/nb\/about\/","title":{"rendered":"Om"},"content":{"rendered":"<div data-elementor-type=\"wp-post\" data-elementor-id=\"96\" class=\"elementor elementor-96\">\n\t\t\t\t\t\t<section class=\"elementor-section elementor-top-section elementor-element elementor-element-eddb9eb hide_bg_image_on_desktop hide_bg_image_on_tablet hide_bg_image_on_mobile elementor-section-boxed elementor-section-height-default elementor-section-height-default sc_fly_static\" data-id=\"eddb9eb\" data-element_type=\"section\" data-e-type=\"section\" data-settings=\"{&quot;background_background&quot;:&quot;classic&quot;}\">\n\t\t\t\t\t\t<div class=\"elementor-container elementor-column-gap-extended\">\n\t\t\t\t\t<div class=\"elementor-column elementor-col-100 elementor-top-column elementor-element elementor-element-7139cf3 sc_content_align_inherit sc_layouts_column_icons_position_left sc_fly_static\" data-id=\"7139cf3\" data-element_type=\"column\" data-e-type=\"column\" data-settings=\"{&quot;background_background&quot;:&quot;classic&quot;}\">\n\t\t\t<div class=\"elementor-widget-wrap elementor-element-populated\">\n\t\t\t\t\t\t<div class=\"elementor-element elementor-element-27ca130 sc_fly_static elementor-widget elementor-widget-trx_sc_layouts_title\" data-id=\"27ca130\" data-element_type=\"widget\" data-e-type=\"widget\" data-widget_type=\"trx_sc_layouts_title.default\">\n\t\t\t\t<div class=\"elementor-widget-container\">\n\t\t\t\t\t<div class=\"sc_layouts_title  trx_addons_inline_595113692 trx_addons_inline_1891208222 with_content fixed_height with_image with_tint\"><div class=\"sc_layouts_title_content\"><div class=\"sc_layouts_title_title\"><h1 class=\"sc_layouts_title_caption\">Om<\/h1><\/div><div class=\"sc_layouts_title_breadcrumbs\"><div class=\"breadcrumbs\"><a class=\"breadcrumbs_item home\" href=\"https:\/\/perfectwatch.no\/nb\/\">Hjem<\/a><span class=\"breadcrumbs_delimiter\"><\/span><span class=\"breadcrumbs_item current\">Om<\/span><\/div><\/div><\/div><\/div>\t\t\t\t<\/div>\n\t\t\t\t<\/div>\n\t\t\t\t\t<\/div>\n\t\t<\/div>\n\t\t\t\t\t<\/div>\n\t\t<\/section>\n\t\t\t\t<section class=\"elementor-section elementor-top-section elementor-element elementor-element-767531f elementor-section-boxed elementor-section-height-default elementor-section-height-default sc_fly_static\" data-id=\"767531f\" data-element_type=\"section\" data-e-type=\"section\">\n\t\t\t\t\t\t<div class=\"elementor-container elementor-column-gap-extended\">\n\t\t\t\t\t<div class=\"elementor-column elementor-col-50 elementor-top-column elementor-element elementor-element-847572d sc_content_align_inherit sc_layouts_column_icons_position_left sc_fly_static\" data-id=\"847572d\" data-element_type=\"column\" data-e-type=\"column\">\n\t\t\t<div class=\"elementor-widget-wrap elementor-element-populated\">\n\t\t\t\t\t\t<div class=\"elementor-element elementor-element-42f2f819 sc_fly_static elementor-widget elementor-widget-trx_sc_title\" data-id=\"42f2f819\" data-element_type=\"widget\" data-e-type=\"widget\" data-widget_type=\"trx_sc_title.default\">\n\t\t\t\t<div class=\"elementor-widget-container\">\n\t\t\t\t\t<div\t\tclass=\"sc_title sc_title_default\"><h1 class=\"sc_item_title sc_title_title sc_item_title_style_default sc_item_title_tag\"\n\t\t\t><span class=\"sc_item_title_text\">Profesjonelle tjenester for reparasjon av klokker<\/span><\/h1><\/div>\t\t\t\t<\/div>\n\t\t\t\t<\/div>\n\t\t\t\t<div class=\"elementor-element elementor-element-708e7647 sc_fly_static elementor-widget elementor-widget-text-editor\" data-id=\"708e7647\" data-element_type=\"widget\" data-e-type=\"widget\" data-widget_type=\"text-editor.default\">\n\t\t\t\t<div class=\"elementor-widget-container\">\n\t\t\t\t\t\t\t\t\t<p>Perfectwatch er din personlige urmaker, 24\/7.<br \/>Hos oss f\u00e5r du ekspertise n\u00e5r du har tid, ikke omvendt. Vi har \u00e5pent 24\/7 p\u00e5 v\u00e5re nettsider.<\/p><p>We specialize in repairs and service of all kinds of watches, everything from simple quartz watches to automatic and manual watches. UrBrev is Sweden\u2019s first completely online-based watchmaker and all our repairs and service cases are carried out on site in our workshop in Landskrona.<\/p><p>Vi er tilgjengelige d\u00f8gnet rundt, og takket v\u00e6re v\u00e5r raske behandling vil du motta et kostnadsoverslag innen 24 timer.<\/p><p>Pr\u00f8v det selv, det er helt gratis og uforpliktende \u00e5 be om et kostnadsoverslag.<\/p><p>Perfectwatch is a member of the Swedish Watchmakers\u2019 Association, become a supporting member too!<\/p><p>Watchmaking has a proud history in Sweden. Victor Kullberg is one of history\u2019s foremost chronometer builders. At the World Exhibition in London in 1862, he won both first and second prizes in the chronometer competition and was named \u201cthe best without comparison\u201d. Mechanical ship chronometers were at that time absolutely crucial for safe navigation on the seas.<br \/>The watchmaking tradition lives on in Sweden thanks to the journeyman training courses that the Swedish Watchmakers\u2019 Association ensures quality.<\/p>\t\t\t\t\t\t\t\t<\/div>\n\t\t\t\t<\/div>\n\t\t\t\t<div class=\"elementor-element elementor-element-3d4a83b1 sc_fly_static elementor-widget elementor-widget-spacer\" data-id=\"3d4a83b1\" data-element_type=\"widget\" data-e-type=\"widget\" data-widget_type=\"spacer.default\">\n\t\t\t\t<div class=\"elementor-widget-container\">\n\t\t\t\t\t\t\t<div class=\"elementor-spacer\">\n\t\t\t<div class=\"elementor-spacer-inner\"><\/div>\n\t\t<\/div>\n\t\t\t\t\t\t<\/div>\n\t\t\t\t<\/div>\n\t\t\t\t\t<\/div>\n\t\t<\/div>\n\t\t\t\t<div class=\"elementor-column elementor-col-50 elementor-top-column elementor-element elementor-element-194dd6f2 sc_layouts_hide_on_mobile sc_content_align_inherit sc_layouts_column_icons_position_left sc_fly_static\" data-id=\"194dd6f2\" data-element_type=\"column\" data-e-type=\"column\" data-settings=\"{&quot;background_background&quot;:&quot;classic&quot;}\">\n\t\t\t<div class=\"elementor-widget-wrap elementor-element-populated\">\n\t\t\t\t\t\t<div data-animation-type=\"block\" class=\"elementor-element elementor-element-cf745b6 animation_type_block sc_fly_static elementor-invisible elementor-widget elementor-widget-image\" data-id=\"cf745b6\" data-element_type=\"widget\" data-e-type=\"widget\" data-settings=\"{&quot;_animation&quot;:&quot;fadeInLeft&quot;}\" data-widget_type=\"image.default\">\n\t\t\t\t<div class=\"elementor-widget-container\">\n\t\t\t\t\t\t\t\t\t\t\t\t\t\t\t<img fetchpriority=\"high\" decoding=\"async\" width=\"1024\" height=\"1024\" src=\"https:\/\/perfectwatch.no\/wp-content\/uploads\/2026\/01\/unnamed-1-1.jpg\" class=\"attachment-large size-large wp-image-3759\" alt=\"\" srcset=\"https:\/\/perfectwatch.no\/wp-content\/uploads\/2026\/01\/unnamed-1-1.jpg 1024w, https:\/\/perfectwatch.no\/wp-content\/uploads\/2026\/01\/unnamed-1-1-300x300.jpg 300w, https:\/\/perfectwatch.no\/wp-content\/uploads\/2026\/01\/unnamed-1-1-150x150.jpg 150w, https:\/\/perfectwatch.no\/wp-content\/uploads\/2026\/01\/unnamed-1-1-768x768.jpg 768w, https:\/\/perfectwatch.no\/wp-content\/uploads\/2026\/01\/unnamed-1-1-370x370.jpg 370w, https:\/\/perfectwatch.no\/wp-content\/uploads\/2026\/01\/unnamed-1-1-90x90.jpg 90w, https:\/\/perfectwatch.no\/wp-content\/uploads\/2026\/01\/unnamed-1-1-760x760.jpg 760w, https:\/\/perfectwatch.no\/wp-content\/uploads\/2026\/01\/unnamed-1-1-466x466.jpg 466w, https:\/\/perfectwatch.no\/wp-content\/uploads\/2026\/01\/unnamed-1-1-660x660.jpg 660w, https:\/\/perfectwatch.no\/wp-content\/uploads\/2026\/01\/unnamed-1-1-570x570.jpg 570w\" sizes=\"(max-width: 1024px) 100vw, 1024px\" \/>\t\t\t\t\t\t\t\t\t\t\t\t\t\t\t<\/div>\n\t\t\t\t<\/div>\n\t\t\t\t\t<\/div>\n\t\t<\/div>\n\t\t\t\t\t<\/div>\n\t\t<\/section>\n\t\t\t\t<section class=\"elementor-section elementor-top-section elementor-element elementor-element-1c45f86 elementor-section-boxed elementor-section-height-default elementor-section-height-default sc_fly_static\" data-id=\"1c45f86\" data-element_type=\"section\" data-e-type=\"section\">\n\t\t\t\t\t\t<div class=\"elementor-container elementor-column-gap-extended\">\n\t\t\t\t\t<div class=\"elementor-column elementor-col-50 elementor-top-column elementor-element elementor-element-0040ca3 sc_layouts_hide_on_mobile sc_content_align_inherit sc_layouts_column_icons_position_left sc_fly_static\" data-id=\"0040ca3\" data-element_type=\"column\" data-e-type=\"column\" data-settings=\"{&quot;background_background&quot;:&quot;classic&quot;}\">\n\t\t\t<div class=\"elementor-widget-wrap elementor-element-populated\">\n\t\t\t\t\t\t<div data-animation-type=\"block\" class=\"elementor-element elementor-element-a3a7e86 animation_type_block sc_fly_static elementor-invisible elementor-widget elementor-widget-image\" data-id=\"a3a7e86\" data-element_type=\"widget\" data-e-type=\"widget\" data-settings=\"{&quot;_animation&quot;:&quot;fadeInRight&quot;}\" data-widget_type=\"image.default\">\n\t\t\t\t<div class=\"elementor-widget-container\">\n\t\t\t\t\t\t\t\t\t\t\t\t\t\t\t<img decoding=\"async\" width=\"1024\" height=\"1024\" src=\"https:\/\/perfectwatch.no\/wp-content\/uploads\/2026\/01\/unnamed-4.jpg\" class=\"attachment-large size-large wp-image-3842\" alt=\"\" srcset=\"https:\/\/perfectwatch.no\/wp-content\/uploads\/2026\/01\/unnamed-4.jpg 1024w, https:\/\/perfectwatch.no\/wp-content\/uploads\/2026\/01\/unnamed-4-300x300.jpg 300w, https:\/\/perfectwatch.no\/wp-content\/uploads\/2026\/01\/unnamed-4-150x150.jpg 150w, https:\/\/perfectwatch.no\/wp-content\/uploads\/2026\/01\/unnamed-4-768x768.jpg 768w, https:\/\/perfectwatch.no\/wp-content\/uploads\/2026\/01\/unnamed-4-370x370.jpg 370w, https:\/\/perfectwatch.no\/wp-content\/uploads\/2026\/01\/unnamed-4-90x90.jpg 90w, https:\/\/perfectwatch.no\/wp-content\/uploads\/2026\/01\/unnamed-4-760x760.jpg 760w, https:\/\/perfectwatch.no\/wp-content\/uploads\/2026\/01\/unnamed-4-466x466.jpg 466w, https:\/\/perfectwatch.no\/wp-content\/uploads\/2026\/01\/unnamed-4-660x660.jpg 660w, https:\/\/perfectwatch.no\/wp-content\/uploads\/2026\/01\/unnamed-4-570x570.jpg 570w\" sizes=\"(max-width: 1024px) 100vw, 1024px\" \/>\t\t\t\t\t\t\t\t\t\t\t\t\t\t\t<\/div>\n\t\t\t\t<\/div>\n\t\t\t\t\t<\/div>\n\t\t<\/div>\n\t\t\t\t<div class=\"elementor-column elementor-col-50 elementor-top-column elementor-element elementor-element-fda5617 sc_content_align_inherit sc_layouts_column_icons_position_left sc_fly_static\" data-id=\"fda5617\" data-element_type=\"column\" data-e-type=\"column\">\n\t\t\t<div class=\"elementor-widget-wrap elementor-element-populated\">\n\t\t\t\t\t\t<div class=\"elementor-element elementor-element-9f8912f sc_fly_static elementor-widget elementor-widget-trx_sc_title\" data-id=\"9f8912f\" data-element_type=\"widget\" data-e-type=\"widget\" data-widget_type=\"trx_sc_title.default\">\n\t\t\t\t<div class=\"elementor-widget-container\">\n\t\t\t\t\t<div\t\tclass=\"sc_title sc_title_default\"><h1 class=\"sc_item_title sc_title_title sc_item_title_style_default sc_item_title_tag\"\n\t\t\t><span class=\"sc_item_title_text\">What does Perfectwatch certified pre-owned stand for?<\/span><\/h1><\/div>\t\t\t\t<\/div>\n\t\t\t\t<\/div>\n\t\t\t\t<div class=\"elementor-element elementor-element-8d5d7fd sc_fly_static elementor-widget elementor-widget-text-editor\" data-id=\"8d5d7fd\" data-element_type=\"widget\" data-e-type=\"widget\" data-widget_type=\"text-editor.default\">\n\t\t\t\t<div class=\"elementor-widget-container\">\n\t\t\t\t\t\t\t\t\t<pre id=\"tw-target-text\" class=\"tw-data-text tw-text-large tw-ta\" dir=\"ltr\" tabindex=\"-1\" role=\"text\" data-placeholder=\"Translation\" data-ved=\"2ahUKEwjB9ojBgauSAxVMQEEAHYclGgUQ3ewLegQIDBAW\" aria-label=\"Translated text: What does UrBrev certified pre-owned stand for? To make your ownership as worry-free as possible, all certified watches have a warranty card from us with a built-in NFC chip with which you can always check the certification, validity and performed actions by holding the card against a compatible device such as a mobile phone, tablet or NFC reader. You can also check it manually further down this page using the case number on the warranty card. The requirement for a watch to be certified with UrBrev certified pre-owned is that we must have performed at least the following actions: Verification of the authenticity of the watch Theft control Jumping of the movement Gear control with a maximum average deviation of \u00b115 seconds per day, calculated over 4 positions. Amplitude check with a minimum value of 200\u00b0 in 4 positions Power reserve check with a minimum value of 24 hours Check and grease the case gaskets Approved tightness check of 3 ATM \/ 5 ATM \/ 10 ATM (Depending on model and does not apply to vintage) Ultrasonic cleaning of the case Ultrasonic cleaning of any links Checking the track pins\"><span class=\"Y2IQFc\" lang=\"en\">To make your ownership as worry-free as possible, all certified watches have a warranty card from us with a built-in NFC chip with which you can always check the certification, validity and performed actions by holding the card against a compatible device such as a mobile phone, tablet or NFC reader. You can also check it manually further down this page using the case number on the warranty card.\n\nThe requirement for a watch to be certified with UrBrev certified pre-owned is that we must have performed at least the following actions:\nVerification of the authenticity of the watch\nTheft control\nJumping of the movement\nGear control with a maximum average deviation of \u00b115 seconds per day, calculated over 4 positions.\nAmplitude check with a minimum value of 200\u00b0 in 4 positions\nPower reserve check with a minimum value of 24 hours\nCheck and grease the case gaskets\nApproved tightness check of 3 ATM \/ 5 ATM \/ 10 ATM (Depending on model and does not apply to vintage)\nUltrasonic cleaning of the case\nUltrasonic cleaning of any links\nChecking the track pins<\/span><\/pre>\t\t\t\t\t\t\t\t<\/div>\n\t\t\t\t<\/div>\n\t\t\t\t<div class=\"elementor-element elementor-element-93e6570 sc_fly_static elementor-widget elementor-widget-spacer\" data-id=\"93e6570\" data-element_type=\"widget\" data-e-type=\"widget\" data-widget_type=\"spacer.default\">\n\t\t\t\t<div class=\"elementor-widget-container\">\n\t\t\t\t\t\t\t<div class=\"elementor-spacer\">\n\t\t\t<div class=\"elementor-spacer-inner\"><\/div>\n\t\t<\/div>\n\t\t\t\t\t\t<\/div>\n\t\t\t\t<\/div>\n\t\t\t\t\t<\/div>\n\t\t<\/div>\n\t\t\t\t\t<\/div>\n\t\t<\/section>\n\t\t\t\t<section class=\"elementor-section elementor-top-section elementor-element elementor-element-2121866e elementor-section-boxed elementor-section-height-default elementor-section-height-default sc_fly_static\" data-id=\"2121866e\" data-element_type=\"section\" data-e-type=\"section\">\n\t\t\t\t\t\t<div class=\"elementor-container elementor-column-gap-extended\">\n\t\t\t\t\t<div class=\"elementor-column elementor-col-100 elementor-top-column elementor-element elementor-element-6008df05 sc_content_align_inherit sc_layouts_column_icons_position_left sc_fly_static\" data-id=\"6008df05\" data-element_type=\"column\" data-e-type=\"column\">\n\t\t\t<div class=\"elementor-widget-wrap elementor-element-populated\">\n\t\t\t\t\t\t<div class=\"elementor-element elementor-element-1a02a858 sc_fly_static elementor-widget elementor-widget-spacer\" data-id=\"1a02a858\" data-element_type=\"widget\" data-e-type=\"widget\" data-widget_type=\"spacer.default\">\n\t\t\t\t<div class=\"elementor-widget-container\">\n\t\t\t\t\t\t\t<div class=\"elementor-spacer\">\n\t\t\t<div class=\"elementor-spacer-inner\"><\/div>\n\t\t<\/div>\n\t\t\t\t\t\t<\/div>\n\t\t\t\t<\/div>\n\t\t\t\t\t<\/div>\n\t\t<\/div>\n\t\t\t\t\t<\/div>\n\t\t<\/section>\n\t\t\t\t<section class=\"elementor-section elementor-top-section elementor-element elementor-element-08a5034 elementor-section-boxed elementor-section-height-default elementor-section-height-default sc_fly_static\" data-id=\"08a5034\" data-element_type=\"section\" data-e-type=\"section\">\n\t\t\t\t\t\t<div class=\"elementor-container elementor-column-gap-extended\">\n\t\t\t\t\t<div class=\"elementor-column elementor-col-50 elementor-top-column elementor-element elementor-element-ae2bc6b sc_content_align_inherit sc_layouts_column_icons_position_left sc_fly_static\" data-id=\"ae2bc6b\" data-element_type=\"column\" data-e-type=\"column\">\n\t\t\t<div class=\"elementor-widget-wrap elementor-element-populated\">\n\t\t\t\t\t\t<div class=\"elementor-element elementor-element-577348a sc_fly_static elementor-widget elementor-widget-trx_sc_title\" data-id=\"577348a\" data-element_type=\"widget\" data-e-type=\"widget\" data-widget_type=\"trx_sc_title.default\">\n\t\t\t\t<div class=\"elementor-widget-container\">\n\t\t\t\t\t<div\t\tclass=\"sc_title sc_title_default\"><h1 class=\"sc_item_title sc_title_title sc_item_title_style_default sc_item_title_tag\"\n\t\t\t><span class=\"sc_item_title_text\">Worry-free ownership\n<\/span><\/h1><\/div>\t\t\t\t<\/div>\n\t\t\t\t<\/div>\n\t\t\t\t<div class=\"elementor-element elementor-element-375b859 sc_fly_static elementor-widget elementor-widget-text-editor\" data-id=\"375b859\" data-element_type=\"widget\" data-e-type=\"widget\" data-widget_type=\"text-editor.default\">\n\t\t\t\t<div class=\"elementor-widget-container\">\n\t\t\t\t\t\t\t\t\t<p>Although exclusive watches often become more beautiful with age and are built to last, all watches that are certified undergo thorough testing, cleaning and functional checks by our watchmakers. All watches are hand-picked by our trusted dealers and many of the watches are still in very good condition, but those that are not are also fully serviced in our service center.<\/p><p>UrBrev offers between 6 and 12 months warranty on all watches that are &#8220;Perfectwatch Certified Pre-Owned&#8221;. Thanks to our thorough testing, we dare to guarantee a high standard of our certification and that the watch will be able to delight you for a long time to come.<\/p>\t\t\t\t\t\t\t\t<\/div>\n\t\t\t\t<\/div>\n\t\t\t\t<div class=\"elementor-element elementor-element-bee869b sc_fly_static elementor-widget elementor-widget-spacer\" data-id=\"bee869b\" data-element_type=\"widget\" data-e-type=\"widget\" data-widget_type=\"spacer.default\">\n\t\t\t\t<div class=\"elementor-widget-container\">\n\t\t\t\t\t\t\t<div class=\"elementor-spacer\">\n\t\t\t<div class=\"elementor-spacer-inner\"><\/div>\n\t\t<\/div>\n\t\t\t\t\t\t<\/div>\n\t\t\t\t<\/div>\n\t\t\t\t\t<\/div>\n\t\t<\/div>\n\t\t\t\t<div class=\"elementor-column elementor-col-50 elementor-top-column elementor-element elementor-element-5a3fc44 sc_layouts_hide_on_mobile sc_content_align_inherit sc_layouts_column_icons_position_left sc_fly_static\" data-id=\"5a3fc44\" data-element_type=\"column\" data-e-type=\"column\" data-settings=\"{&quot;background_background&quot;:&quot;classic&quot;}\">\n\t\t\t<div class=\"elementor-widget-wrap elementor-element-populated\">\n\t\t\t\t\t\t<div data-animation-type=\"block\" class=\"elementor-element elementor-element-ad5a17f animation_type_block sc_fly_static elementor-invisible elementor-widget elementor-widget-image\" data-id=\"ad5a17f\" data-element_type=\"widget\" data-e-type=\"widget\" data-settings=\"{&quot;_animation&quot;:&quot;fadeInRight&quot;}\" data-widget_type=\"image.default\">\n\t\t\t\t<div class=\"elementor-widget-container\">\n\t\t\t\t\t\t\t\t\t\t\t\t\t\t\t<img decoding=\"async\" width=\"1024\" height=\"796\" src=\"https:\/\/perfectwatch.no\/wp-content\/uploads\/2026\/01\/unnamed-3.jpg\" class=\"attachment-large size-large wp-image-3827\" alt=\"\" srcset=\"https:\/\/perfectwatch.no\/wp-content\/uploads\/2026\/01\/unnamed-3.jpg 1024w, https:\/\/perfectwatch.no\/wp-content\/uploads\/2026\/01\/unnamed-3-300x233.jpg 300w, https:\/\/perfectwatch.no\/wp-content\/uploads\/2026\/01\/unnamed-3-768x597.jpg 768w, https:\/\/perfectwatch.no\/wp-content\/uploads\/2026\/01\/unnamed-3-370x288.jpg 370w, https:\/\/perfectwatch.no\/wp-content\/uploads\/2026\/01\/unnamed-3-760x591.jpg 760w, https:\/\/perfectwatch.no\/wp-content\/uploads\/2026\/01\/unnamed-3-466x362.jpg 466w, https:\/\/perfectwatch.no\/wp-content\/uploads\/2026\/01\/unnamed-3-570x443.jpg 570w\" sizes=\"(max-width: 1024px) 100vw, 1024px\" \/>\t\t\t\t\t\t\t\t\t\t\t\t\t\t\t<\/div>\n\t\t\t\t<\/div>\n\t\t\t\t\t<\/div>\n\t\t<\/div>\n\t\t\t\t\t<\/div>\n\t\t<\/section>\n\t\t\t\t<\/div>","protected":false},"excerpt":{"rendered":"<p>Page (post) title HomePage (post) title Professional Watch Repair Services Perfectwatch is your personal watchmaker, 24\/7. With us, you get expertise when you have time, not the other way around. We are open 24\/7 on our website. We specialize in repairs and service of all kinds of watches, everything from simple quartz watches to automatic&hellip;<\/p>","protected":false},"author":1,"featured_media":0,"parent":0,"menu_order":0,"comment_status":"closed","ping_status":"closed","template":"","meta":{"footnotes":""},"class_list":["post-96","page","type-page","status-publish","hentry"],"_hostinger_reach_plugin_has_subscription_block":false,"_hostinger_reach_plugin_is_elementor":false,"_links":{"self":[{"href":"https:\/\/perfectwatch.no\/nb\/wp-json\/wp\/v2\/pages\/96","targetHints":{"allow":["GET"]}}],"collection":[{"href":"https:\/\/perfectwatch.no\/nb\/wp-json\/wp\/v2\/pages"}],"about":[{"href":"https:\/\/perfectwatch.no\/nb\/wp-json\/wp\/v2\/types\/page"}],"author":[{"embeddable":true,"href":"https:\/\/perfectwatch.no\/nb\/wp-json\/wp\/v2\/users\/1"}],"replies":[{"embeddable":true,"href":"https:\/\/perfectwatch.no\/nb\/wp-json\/wp\/v2\/comments?post=96"}],"version-history":[{"count":47,"href":"https:\/\/perfectwatch.no\/nb\/wp-json\/wp\/v2\/pages\/96\/revisions"}],"predecessor-version":[{"id":3935,"href":"https:\/\/perfectwatch.no\/nb\/wp-json\/wp\/v2\/pages\/96\/revisions\/3935"}],"wp:attachment":[{"href":"https:\/\/perfectwatch.no\/nb\/wp-json\/wp\/v2\/media?parent=96"}],"curies":[{"name":"wp","href":"https:\/\/api.w.org\/{rel}","templated":true}]}}